{"id":7526,"date":"2022-04-04T21:24:35","date_gmt":"2022-04-04T19:24:35","guid":{"rendered":"https:\/\/psattent.nl\/?page_id=7526"},"modified":"2022-04-13T08:49:31","modified_gmt":"2022-04-13T06:49:31","slug":"overgangsproblematiek","status":"publish","type":"page","link":"https:\/\/psattent.nl\/en\/transition-issues\/","title":{"rendered":"Transition issues"},"content":{"rendered":"\t\t<div data-elementor-type=\"wp-page\" data-elementor-id=\"7526\" class=\"elementor elementor-7526\" data-elementor-post-type=\"page\">\n\t\t\t\t\t\t<section class=\"elementor-section elementor-top-section elementor-element elementor-element-be635d6 elementor-section-boxed elementor-section-height-default elementor-section-height-default\" data-id=\"be635d6\" data-element_type=\"section\" data-e-type=\"section\" data-settings=\"{&quot;jet_parallax_layout_list&quot;:[{&quot;jet_parallax_layout_image&quot;:{&quot;url&quot;:&quot;&quot;,&quot;id&quot;:&quot;&quot;,&quot;size&quot;:&quot;&quot;},&quot;_id&quot;:&quot;fcbace1&quot;,&quot;jet_parallax_layout_image_tablet&quot;:{&quot;url&quot;:&quot;&quot;,&quot;id&quot;:&quot;&quot;,&quot;size&quot;:&quot;&quot;},&quot;jet_parallax_layout_image_mobile&quot;:{&quot;url&quot;:&quot;&quot;,&quot;id&quot;:&quot;&quot;,&quot;size&quot;:&quot;&quot;},&quot;jet_parallax_layout_speed&quot;:{&quot;unit&quot;:&quot;%&quot;,&quot;size&quot;:50,&quot;sizes&quot;:[]},&quot;jet_parallax_layout_type&quot;:&quot;scroll&quot;,&quot;jet_parallax_layout_direction&quot;:null,&quot;jet_parallax_layout_fx_direction&quot;:null,&quot;jet_parallax_layout_z_index&quot;:&quot;&quot;,&quot;jet_parallax_layout_bg_x&quot;:50,&quot;jet_parallax_layout_bg_x_tablet&quot;:&quot;&quot;,&quot;jet_parallax_layout_bg_x_mobile&quot;:&quot;&quot;,&quot;jet_parallax_layout_bg_y&quot;:50,&quot;jet_parallax_layout_bg_y_tablet&quot;:&quot;&quot;,&quot;jet_parallax_layout_bg_y_mobile&quot;:&quot;&quot;,&quot;jet_parallax_layout_bg_size&quot;:&quot;auto&quot;,&quot;jet_parallax_layout_bg_size_tablet&quot;:&quot;&quot;,&quot;jet_parallax_layout_bg_size_mobile&quot;:&quot;&quot;,&quot;jet_parallax_layout_animation_prop&quot;:&quot;transform&quot;,&quot;jet_parallax_layout_on&quot;:[&quot;desktop&quot;,&quot;tablet&quot;]}],&quot;background_background&quot;:&quot;classic&quot;}\">\n\t\t\t\t\t\t<div class=\"elementor-container elementor-column-gap-default\">\n\t\t\t\t\t<div class=\"elementor-column elementor-col-50 elementor-top-column elementor-element elementor-element-982a59a\" data-id=\"982a59a\" data-element_type=\"column\" data-e-type=\"column\" data-settings=\"{&quot;background_background&quot;:&quot;classic&quot;}\">\n\t\t\t<div class=\"elementor-widget-wrap\">\n\t\t\t\t\t\t\t<\/div>\n\t\t<\/div>\n\t\t\t\t<div class=\"elementor-column elementor-col-50 elementor-top-column elementor-element elementor-element-d8badff\" data-id=\"d8badff\" data-element_type=\"column\" data-e-type=\"column\">\n\t\t\t<div class=\"elementor-widget-wrap elementor-element-populated\">\n\t\t\t\t\t\t<div class=\"elementor-element elementor-element-3f40e2f elementor-widget elementor-widget-text-editor\" data-id=\"3f40e2f\" data-element_type=\"widget\" data-e-type=\"widget\" data-widget_type=\"text-editor.default\">\n\t\t\t\t<div class=\"elementor-widget-container\">\n\t\t\t\t\t\t\t\t\t<p>Het aantal vrouwen met overgangsklachten is zeer groot. 1,2 miljoen vrouwen in Nederland zijn in de overgang. 80% van hen heeft last van overgangsverschijnselen zoals opvliegers, slecht slapen en stress. E\u00e9n op de drie heeft hier zo veel last van dat ze zich regelmatig ziek meldt.<\/p><p>Het probleem is dat overgang nog steeds in de \u201ctaboe\u201d sfeer hangt en het meest gehoorde advies is \u201chet gaat vanzelf weer over\u201d. Helaas is dat niet altijd het geval en wij nemen deze klachten liever serieus. Ook al omdat ze goed te behandelen zijn.<\/p><p>Onze screening bestaat uit een gevalideerde vragenlijst die door een overgangsconsulente of gynaecologe wordt beoordeeld. Indien wij vaststellen dat de klachten dermate ernstig zijn dat er geen sprake meer is van goed werkfunctioneren, kunnen we een follow up traject aanbieden.<\/p><p>We hebben hiervoor twee keuzen: interactieve workshops voor groepen tot 15 werkneemsters waarin we met name toelichten hoe de klachten zijn te behandelen en weg te nemen. Of u kiest voor een \u00e9\u00e9n op \u00e9\u00e9n traject met een van onze geregistreerde overgangsconsulenten, waarin wij nauw samenwerken met de eigen huisarts van de betreffende werkneemster.<\/p>\t\t\t\t\t\t\t\t<\/div>\n\t\t\t\t<\/div>\n\t\t\t\t<div class=\"elementor-element elementor-element-d37a226 elementor-widget elementor-widget-button\" data-id=\"d37a226\" data-element_type=\"widget\" data-e-type=\"widget\" data-widget_type=\"button.default\">\n\t\t\t\t<div class=\"elementor-widget-container\">\n\t\t\t\t\t\t\t\t\t<div class=\"elementor-button-wrapper\">\n\t\t\t\t\t<a class=\"elementor-button elementor-button-link elementor-size-sm\" href=\"http:\/\/psattent.nl\/contact\/\">\n\t\t\t\t\t\t<span class=\"elementor-button-content-wrapper\">\n\t\t\t\t\t\t<span class=\"elementor-button-icon\">\n\t\t\t\t<i aria-hidden=\"true\" class=\"fas fa-arrow-right\"><\/i>\t\t\t<\/span>\n\t\t\t\t\t\t\t\t\t<span class=\"elementor-button-text\">Contact opnemen<\/span>\n\t\t\t\t\t<\/span>\n\t\t\t\t\t<\/a>\n\t\t\t\t<\/div>\n\t\t\t\t\t\t\t\t<\/div>\n\t\t\t\t<\/div>\n\t\t\t\t\t<\/div>\n\t\t<\/div>\n\t\t\t\t\t<\/div>\n\t\t<\/section>\n\t\t\t\t<\/div>\n\t\t","protected":false},"excerpt":{"rendered":"<p>Het aantal vrouwen met overgangsklachten is zeer groot. 1,2 miljoen vrouwen in Nederland zijn in de overgang. 80% van hen heeft last van overgangsverschijnselen zoals opvliegers, slecht slapen en stress. E\u00e9n op de drie heeft hier zo veel last van dat ze zich regelmatig ziek meldt. Het probleem is dat overgang nog steeds in de [&hellip;]<\/p>\n","protected":false},"author":1,"featured_media":0,"parent":0,"menu_order":0,"comment_status":"closed","ping_status":"closed","template":"","meta":{"_acf_changed":false,"footnotes":""},"class_list":["post-7526","page","type-page","status-publish","hentry"],"acf":[],"yoast_head":"<!-- This site is optimized with the Yoast SEO plugin v27.3 - https:\/\/yoast.com\/product\/yoast-seo-wordpress\/ -->\n<title>Overgangsproblematiek - PSAttent<\/title>\n<meta name=\"robots\" content=\"index, follow, max-snippet:-1, max-image-preview:large, max-video-preview:-1\" \/>\n<link rel=\"canonical\" href=\"https:\/\/psattent.nl\/en\/wp-json\/wp\/v2\/pages\/7526\" \/>\n<meta property=\"og:locale\" content=\"en_US\" \/>\n<meta property=\"og:type\" content=\"article\" \/>\n<meta property=\"og:title\" content=\"Overgangsproblematiek - PSAttent\" \/>\n<meta property=\"og:description\" content=\"Het aantal vrouwen met overgangsklachten is zeer groot. 1,2 miljoen vrouwen in Nederland zijn in de overgang. 80% van hen heeft last van overgangsverschijnselen zoals opvliegers, slecht slapen en stress. E\u00e9n op de drie heeft hier zo veel last van dat ze zich regelmatig ziek meldt. Het probleem is dat overgang nog steeds in de [&hellip;]\" \/>\n<meta property=\"og:url\" content=\"https:\/\/psattent.nl\/en\/overgangsproblematiek\/\" \/>\n<meta property=\"og:site_name\" content=\"PSAttent\" \/>\n<meta property=\"article:modified_time\" content=\"2022-04-13T06:49:31+00:00\" \/>\n<meta name=\"twitter:card\" content=\"summary_large_image\" \/>\n<meta name=\"twitter:label1\" content=\"Est. reading time\" \/>\n\t<meta name=\"twitter:data1\" content=\"1 minute\" \/>\n<script type=\"application\/ld+json\" class=\"yoast-schema-graph\">{\"@context\":\"https:\\\/\\\/schema.org\",\"@graph\":[{\"@type\":\"WebPage\",\"@id\":\"https:\\\/\\\/psattent.nl\\\/overgangsproblematiek\\\/\",\"url\":\"https:\\\/\\\/psattent.nl\\\/overgangsproblematiek\\\/\",\"name\":\"Overgangsproblematiek - PSAttent\",\"isPartOf\":{\"@id\":\"https:\\\/\\\/psattent.nl\\\/#website\"},\"datePublished\":\"2022-04-04T19:24:35+00:00\",\"dateModified\":\"2022-04-13T06:49:31+00:00\",\"breadcrumb\":{\"@id\":\"https:\\\/\\\/psattent.nl\\\/overgangsproblematiek\\\/#breadcrumb\"},\"inLanguage\":\"en-US\",\"potentialAction\":[{\"@type\":\"ReadAction\",\"target\":[\"https:\\\/\\\/psattent.nl\\\/overgangsproblematiek\\\/\"]}]},{\"@type\":\"BreadcrumbList\",\"@id\":\"https:\\\/\\\/psattent.nl\\\/overgangsproblematiek\\\/#breadcrumb\",\"itemListElement\":[{\"@type\":\"ListItem\",\"position\":1,\"name\":\"PSAttent\",\"item\":\"https:\\\/\\\/psattent.nl\\\/\"},{\"@type\":\"ListItem\",\"position\":2,\"name\":\"Overgangsproblematiek\"}]},{\"@type\":\"WebSite\",\"@id\":\"https:\\\/\\\/psattent.nl\\\/#website\",\"url\":\"https:\\\/\\\/psattent.nl\\\/\",\"name\":\"PSAttent\",\"description\":\"\",\"potentialAction\":[{\"@type\":\"SearchAction\",\"target\":{\"@type\":\"EntryPoint\",\"urlTemplate\":\"https:\\\/\\\/psattent.nl\\\/?s={search_term_string}\"},\"query-input\":{\"@type\":\"PropertyValueSpecification\",\"valueRequired\":true,\"valueName\":\"search_term_string\"}}],\"inLanguage\":\"en-US\"}]}<\/script>\n<!-- \/ Yoast SEO plugin. -->","yoast_head_json":{"title":"Transition issues - PSAttent","robots":{"index":"index","follow":"follow","max-snippet":"max-snippet:-1","max-image-preview":"max-image-preview:large","max-video-preview":"max-video-preview:-1"},"canonical":"https:\/\/psattent.nl\/en\/wp-json\/wp\/v2\/pages\/7526","og_locale":"en_US","og_type":"article","og_title":"Overgangsproblematiek - PSAttent","og_description":"Het aantal vrouwen met overgangsklachten is zeer groot. 1,2 miljoen vrouwen in Nederland zijn in de overgang. 80% van hen heeft last van overgangsverschijnselen zoals opvliegers, slecht slapen en stress. E\u00e9n op de drie heeft hier zo veel last van dat ze zich regelmatig ziek meldt. Het probleem is dat overgang nog steeds in de [&hellip;]","og_url":"https:\/\/psattent.nl\/en\/overgangsproblematiek\/","og_site_name":"PSAttent","article_modified_time":"2022-04-13T06:49:31+00:00","twitter_card":"summary_large_image","twitter_misc":{"Est. reading time":"1 minute"},"schema":{"@context":"https:\/\/schema.org","@graph":[{"@type":"WebPage","@id":"https:\/\/psattent.nl\/overgangsproblematiek\/","url":"https:\/\/psattent.nl\/overgangsproblematiek\/","name":"Transition issues - PSAttent","isPartOf":{"@id":"https:\/\/psattent.nl\/#website"},"datePublished":"2022-04-04T19:24:35+00:00","dateModified":"2022-04-13T06:49:31+00:00","breadcrumb":{"@id":"https:\/\/psattent.nl\/overgangsproblematiek\/#breadcrumb"},"inLanguage":"en-US","potentialAction":[{"@type":"ReadAction","target":["https:\/\/psattent.nl\/overgangsproblematiek\/"]}]},{"@type":"BreadcrumbList","@id":"https:\/\/psattent.nl\/overgangsproblematiek\/#breadcrumb","itemListElement":[{"@type":"ListItem","position":1,"name":"PSAttent","item":"https:\/\/psattent.nl\/"},{"@type":"ListItem","position":2,"name":"Overgangsproblematiek"}]},{"@type":"WebSite","@id":"https:\/\/psattent.nl\/#website","url":"https:\/\/psattent.nl\/","name":"PSAttent","description":"","potentialAction":[{"@type":"SearchAction","target":{"@type":"EntryPoint","urlTemplate":"https:\/\/psattent.nl\/?s={search_term_string}"},"query-input":{"@type":"PropertyValueSpecification","valueRequired":true,"valueName":"search_term_string"}}],"inLanguage":"en-US"}]}},"_links":{"self":[{"href":"https:\/\/psattent.nl\/en\/wp-json\/wp\/v2\/pages\/7526","targetHints":{"allow":["GET"]}}],"collection":[{"href":"https:\/\/psattent.nl\/en\/wp-json\/wp\/v2\/pages"}],"about":[{"href":"https:\/\/psattent.nl\/en\/wp-json\/wp\/v2\/types\/page"}],"author":[{"embeddable":true,"href":"https:\/\/psattent.nl\/en\/wp-json\/wp\/v2\/users\/1"}],"replies":[{"embeddable":true,"href":"https:\/\/psattent.nl\/en\/wp-json\/wp\/v2\/comments?post=7526"}],"version-history":[{"count":10,"href":"https:\/\/psattent.nl\/en\/wp-json\/wp\/v2\/pages\/7526\/revisions"}],"predecessor-version":[{"id":7561,"href":"https:\/\/psattent.nl\/en\/wp-json\/wp\/v2\/pages\/7526\/revisions\/7561"}],"wp:attachment":[{"href":"https:\/\/psattent.nl\/en\/wp-json\/wp\/v2\/media?parent=7526"}],"curies":[{"name":"wp","href":"https:\/\/api.w.org\/{rel}","templated":true}]}}