{"id":6337,"date":"2020-09-07T09:10:35","date_gmt":"2020-09-07T07:10:35","guid":{"rendered":"http:\/\/psattent.nl\/?page_id=6337"},"modified":"2020-09-17T16:46:52","modified_gmt":"2020-09-17T14:46:52","slug":"vertrouwelijkheid","status":"publish","type":"page","link":"https:\/\/psattent.nl\/de\/vertraulichkeit\/","title":{"rendered":"Vertraulichkeit"},"content":{"rendered":"\t\t<div data-elementor-type=\"wp-page\" data-elementor-id=\"6337\" class=\"elementor elementor-6337\" data-elementor-post-type=\"page\">\n\t\t\t\t\t\t<section class=\"elementor-section elementor-top-section elementor-element elementor-element-b1d751c elementor-section-boxed elementor-section-height-default elementor-section-height-default\" data-id=\"b1d751c\" data-element_type=\"section\" data-e-type=\"section\" data-settings=\"{&quot;jet_parallax_layout_list&quot;:[{&quot;jet_parallax_layout_image&quot;:{&quot;url&quot;:&quot;&quot;,&quot;id&quot;:&quot;&quot;,&quot;size&quot;:&quot;&quot;},&quot;_id&quot;:&quot;fcbace1&quot;,&quot;jet_parallax_layout_image_tablet&quot;:{&quot;url&quot;:&quot;&quot;,&quot;id&quot;:&quot;&quot;,&quot;size&quot;:&quot;&quot;},&quot;jet_parallax_layout_image_mobile&quot;:{&quot;url&quot;:&quot;&quot;,&quot;id&quot;:&quot;&quot;,&quot;size&quot;:&quot;&quot;},&quot;jet_parallax_layout_speed&quot;:{&quot;unit&quot;:&quot;%&quot;,&quot;size&quot;:50,&quot;sizes&quot;:[]},&quot;jet_parallax_layout_type&quot;:&quot;scroll&quot;,&quot;jet_parallax_layout_direction&quot;:null,&quot;jet_parallax_layout_fx_direction&quot;:null,&quot;jet_parallax_layout_z_index&quot;:&quot;&quot;,&quot;jet_parallax_layout_bg_x&quot;:50,&quot;jet_parallax_layout_bg_x_tablet&quot;:&quot;&quot;,&quot;jet_parallax_layout_bg_x_mobile&quot;:&quot;&quot;,&quot;jet_parallax_layout_bg_y&quot;:50,&quot;jet_parallax_layout_bg_y_tablet&quot;:&quot;&quot;,&quot;jet_parallax_layout_bg_y_mobile&quot;:&quot;&quot;,&quot;jet_parallax_layout_bg_size&quot;:&quot;auto&quot;,&quot;jet_parallax_layout_bg_size_tablet&quot;:&quot;&quot;,&quot;jet_parallax_layout_bg_size_mobile&quot;:&quot;&quot;,&quot;jet_parallax_layout_animation_prop&quot;:&quot;transform&quot;,&quot;jet_parallax_layout_on&quot;:[&quot;desktop&quot;,&quot;tablet&quot;]}],&quot;background_background&quot;:&quot;classic&quot;}\">\n\t\t\t\t\t\t<div class=\"elementor-container elementor-column-gap-default\">\n\t\t\t\t\t<div class=\"elementor-column elementor-col-50 elementor-top-column elementor-element elementor-element-36e52fc\" data-id=\"36e52fc\" data-element_type=\"column\" data-e-type=\"column\">\n\t\t\t<div class=\"elementor-widget-wrap elementor-element-populated\">\n\t\t\t\t\t\t<div class=\"elementor-element elementor-element-4daca39 psa-gradient elementor-widget elementor-widget-heading\" data-id=\"4daca39\" data-element_type=\"widget\" data-e-type=\"widget\" data-widget_type=\"heading.default\">\n\t\t\t\t<div class=\"elementor-widget-container\">\n\t\t\t\t\t<h2 class=\"elementor-heading-title elementor-size-default\">Vertrouwelijkheid<\/h2>\t\t\t\t<\/div>\n\t\t\t\t<\/div>\n\t\t\t\t<div class=\"elementor-element elementor-element-74f89c1 elementor-widget elementor-widget-text-editor\" data-id=\"74f89c1\" data-element_type=\"widget\" data-e-type=\"widget\" data-widget_type=\"text-editor.default\">\n\t\t\t\t<div class=\"elementor-widget-container\">\n\t\t\t\t\t\t\t\t\t<p>PSAttent valt onder de werking van het medisch beroepsgeheim. Dit betekent dat alle gegevens zijn afgeschermd van de werkgever en derden. Al onze processen zijn hierop afgestemd.<\/p><p>Daarnaast voldoet onze organisatie aan de Algemene Verordening Gegevensbescherming (AVG).<\/p>\t\t\t\t\t\t\t\t<\/div>\n\t\t\t\t<\/div>\n\t\t\t\t<div class=\"elementor-element elementor-element-36428c1 elementor-widget elementor-widget-button\" data-id=\"36428c1\" data-element_type=\"widget\" data-e-type=\"widget\" data-widget_type=\"button.default\">\n\t\t\t\t<div class=\"elementor-widget-container\">\n\t\t\t\t\t\t\t\t\t<div class=\"elementor-button-wrapper\">\n\t\t\t\t\t<a class=\"elementor-button elementor-button-link elementor-size-sm\" href=\"http:\/\/psattent.nl\/contact\/\">\n\t\t\t\t\t\t<span class=\"elementor-button-content-wrapper\">\n\t\t\t\t\t\t<span class=\"elementor-button-icon\">\n\t\t\t\t<i aria-hidden=\"true\" class=\"fas fa-arrow-right\"><\/i>\t\t\t<\/span>\n\t\t\t\t\t\t\t\t\t<span class=\"elementor-button-text\">Contact opnemen<\/span>\n\t\t\t\t\t<\/span>\n\t\t\t\t\t<\/a>\n\t\t\t\t<\/div>\n\t\t\t\t\t\t\t\t<\/div>\n\t\t\t\t<\/div>\n\t\t\t\t\t<\/div>\n\t\t<\/div>\n\t\t\t\t<div class=\"elementor-column elementor-col-50 elementor-top-column elementor-element elementor-element-7af8767\" data-id=\"7af8767\" data-element_type=\"column\" data-e-type=\"column\" data-settings=\"{&quot;background_background&quot;:&quot;classic&quot;}\">\n\t\t\t<div class=\"elementor-widget-wrap\">\n\t\t\t\t\t\t\t<\/div>\n\t\t<\/div>\n\t\t\t\t\t<\/div>\n\t\t<\/section>\n\t\t\t\t<\/div>\n\t\t","protected":false},"excerpt":{"rendered":"<p>Vertraulichkeit PSAttent f\u00e4llt unter den Geltungsbereich der \u00e4rztlichen Schweigepflicht. Dies bedeutet, dass alle Daten vor dem Arbeitgeber und Dritten gesch\u00fctzt sind. Alle unsere Prozesse sind darauf ausgerichtet. Dar\u00fcber hinaus h\u00e4lt unsere Organisation die Allgemeine Datenschutzverordnung (AVG) ein. Kontakt<\/p>","protected":false},"author":1,"featured_media":6544,"parent":0,"menu_order":0,"comment_status":"closed","ping_status":"closed","template":"","meta":{"_acf_changed":false,"footnotes":""},"class_list":["post-6337","page","type-page","status-publish","has-post-thumbnail","hentry"],"acf":[],"yoast_head":"<!-- This site is optimized with the Yoast SEO plugin v27.3 - https:\/\/yoast.com\/product\/yoast-seo-wordpress\/ -->\n<title>Vertrouwelijkheid - PSAttent<\/title>\n<meta name=\"robots\" content=\"index, follow, max-snippet:-1, max-image-preview:large, max-video-preview:-1\" \/>\n<link rel=\"canonical\" href=\"https:\/\/psattent.nl\/de\/wp-json\/wp\/v2\/pages\/6337\" \/>\n<meta property=\"og:locale\" content=\"de_DE\" \/>\n<meta property=\"og:type\" content=\"article\" \/>\n<meta property=\"og:title\" content=\"Vertrouwelijkheid - PSAttent\" \/>\n<meta property=\"og:description\" content=\"Vertrouwelijkheid PSAttent valt onder de werking van het medisch beroepsgeheim. Dit betekent dat alle gegevens zijn afgeschermd van de werkgever en derden. Al onze processen zijn hierop afgestemd. Daarnaast voldoet onze organisatie aan de Algemene Verordening Gegevensbescherming (AVG). Contact opnemen\" \/>\n<meta property=\"og:url\" content=\"https:\/\/psattent.nl\/de\/vertrouwelijkheid\/\" \/>\n<meta property=\"og:site_name\" content=\"PSAttent\" \/>\n<meta property=\"article:modified_time\" content=\"2020-09-17T14:46:52+00:00\" \/>\n<meta property=\"og:image\" content=\"https:\/\/psattent.nl\/wp-content\/uploads\/s-o-c-i-a-l-c-u-t-1RT4txDDAbM-unsplash.jpg\" \/>\n\t<meta property=\"og:image:width\" content=\"1920\" \/>\n\t<meta property=\"og:image:height\" content=\"1278\" \/>\n\t<meta property=\"og:image:type\" content=\"image\/jpeg\" \/>\n<meta name=\"twitter:card\" content=\"summary_large_image\" \/>\n<script type=\"application\/ld+json\" class=\"yoast-schema-graph\">{\"@context\":\"https:\\\/\\\/schema.org\",\"@graph\":[{\"@type\":\"WebPage\",\"@id\":\"https:\\\/\\\/psattent.nl\\\/vertrouwelijkheid\\\/\",\"url\":\"https:\\\/\\\/psattent.nl\\\/vertrouwelijkheid\\\/\",\"name\":\"Vertrouwelijkheid - PSAttent\",\"isPartOf\":{\"@id\":\"https:\\\/\\\/psattent.nl\\\/#website\"},\"primaryImageOfPage\":{\"@id\":\"https:\\\/\\\/psattent.nl\\\/vertrouwelijkheid\\\/#primaryimage\"},\"image\":{\"@id\":\"https:\\\/\\\/psattent.nl\\\/vertrouwelijkheid\\\/#primaryimage\"},\"thumbnailUrl\":\"https:\\\/\\\/psattent.nl\\\/wp-content\\\/uploads\\\/s-o-c-i-a-l-c-u-t-1RT4txDDAbM-unsplash.jpg\",\"datePublished\":\"2020-09-07T07:10:35+00:00\",\"dateModified\":\"2020-09-17T14:46:52+00:00\",\"breadcrumb\":{\"@id\":\"https:\\\/\\\/psattent.nl\\\/vertrouwelijkheid\\\/#breadcrumb\"},\"inLanguage\":\"de\",\"potentialAction\":[{\"@type\":\"ReadAction\",\"target\":[\"https:\\\/\\\/psattent.nl\\\/vertrouwelijkheid\\\/\"]}]},{\"@type\":\"ImageObject\",\"inLanguage\":\"de\",\"@id\":\"https:\\\/\\\/psattent.nl\\\/vertrouwelijkheid\\\/#primaryimage\",\"url\":\"https:\\\/\\\/psattent.nl\\\/wp-content\\\/uploads\\\/s-o-c-i-a-l-c-u-t-1RT4txDDAbM-unsplash.jpg\",\"contentUrl\":\"https:\\\/\\\/psattent.nl\\\/wp-content\\\/uploads\\\/s-o-c-i-a-l-c-u-t-1RT4txDDAbM-unsplash.jpg\",\"width\":1920,\"height\":1278},{\"@type\":\"BreadcrumbList\",\"@id\":\"https:\\\/\\\/psattent.nl\\\/vertrouwelijkheid\\\/#breadcrumb\",\"itemListElement\":[{\"@type\":\"ListItem\",\"position\":1,\"name\":\"PSAttent\",\"item\":\"https:\\\/\\\/psattent.nl\\\/\"},{\"@type\":\"ListItem\",\"position\":2,\"name\":\"Vertrouwelijkheid\"}]},{\"@type\":\"WebSite\",\"@id\":\"https:\\\/\\\/psattent.nl\\\/#website\",\"url\":\"https:\\\/\\\/psattent.nl\\\/\",\"name\":\"PSAttent\",\"description\":\"\",\"potentialAction\":[{\"@type\":\"SearchAction\",\"target\":{\"@type\":\"EntryPoint\",\"urlTemplate\":\"https:\\\/\\\/psattent.nl\\\/?s={search_term_string}\"},\"query-input\":{\"@type\":\"PropertyValueSpecification\",\"valueRequired\":true,\"valueName\":\"search_term_string\"}}],\"inLanguage\":\"de\"}]}<\/script>\n<!-- \/ Yoast SEO plugin. -->","yoast_head_json":{"title":"Vertraulichkeit - PSAttent","robots":{"index":"index","follow":"follow","max-snippet":"max-snippet:-1","max-image-preview":"max-image-preview:large","max-video-preview":"max-video-preview:-1"},"canonical":"https:\/\/psattent.nl\/de\/wp-json\/wp\/v2\/pages\/6337","og_locale":"de_DE","og_type":"article","og_title":"Vertrouwelijkheid - PSAttent","og_description":"Vertrouwelijkheid PSAttent valt onder de werking van het medisch beroepsgeheim. Dit betekent dat alle gegevens zijn afgeschermd van de werkgever en derden. Al onze processen zijn hierop afgestemd. Daarnaast voldoet onze organisatie aan de Algemene Verordening Gegevensbescherming (AVG). Contact opnemen","og_url":"https:\/\/psattent.nl\/de\/vertrouwelijkheid\/","og_site_name":"PSAttent","article_modified_time":"2020-09-17T14:46:52+00:00","og_image":[{"width":1920,"height":1278,"url":"https:\/\/psattent.nl\/wp-content\/uploads\/s-o-c-i-a-l-c-u-t-1RT4txDDAbM-unsplash.jpg","type":"image\/jpeg"}],"twitter_card":"summary_large_image","schema":{"@context":"https:\/\/schema.org","@graph":[{"@type":"WebPage","@id":"https:\/\/psattent.nl\/vertrouwelijkheid\/","url":"https:\/\/psattent.nl\/vertrouwelijkheid\/","name":"Vertraulichkeit - PSAttent","isPartOf":{"@id":"https:\/\/psattent.nl\/#website"},"primaryImageOfPage":{"@id":"https:\/\/psattent.nl\/vertrouwelijkheid\/#primaryimage"},"image":{"@id":"https:\/\/psattent.nl\/vertrouwelijkheid\/#primaryimage"},"thumbnailUrl":"https:\/\/psattent.nl\/wp-content\/uploads\/s-o-c-i-a-l-c-u-t-1RT4txDDAbM-unsplash.jpg","datePublished":"2020-09-07T07:10:35+00:00","dateModified":"2020-09-17T14:46:52+00:00","breadcrumb":{"@id":"https:\/\/psattent.nl\/vertrouwelijkheid\/#breadcrumb"},"inLanguage":"de","potentialAction":[{"@type":"ReadAction","target":["https:\/\/psattent.nl\/vertrouwelijkheid\/"]}]},{"@type":"ImageObject","inLanguage":"de","@id":"https:\/\/psattent.nl\/vertrouwelijkheid\/#primaryimage","url":"https:\/\/psattent.nl\/wp-content\/uploads\/s-o-c-i-a-l-c-u-t-1RT4txDDAbM-unsplash.jpg","contentUrl":"https:\/\/psattent.nl\/wp-content\/uploads\/s-o-c-i-a-l-c-u-t-1RT4txDDAbM-unsplash.jpg","width":1920,"height":1278},{"@type":"BreadcrumbList","@id":"https:\/\/psattent.nl\/vertrouwelijkheid\/#breadcrumb","itemListElement":[{"@type":"ListItem","position":1,"name":"PSAttent","item":"https:\/\/psattent.nl\/"},{"@type":"ListItem","position":2,"name":"Vertrouwelijkheid"}]},{"@type":"WebSite","@id":"https:\/\/psattent.nl\/#website","url":"https:\/\/psattent.nl\/","name":"PSAttent","description":"","potentialAction":[{"@type":"SearchAction","target":{"@type":"EntryPoint","urlTemplate":"https:\/\/psattent.nl\/?s={search_term_string}"},"query-input":{"@type":"PropertyValueSpecification","valueRequired":true,"valueName":"search_term_string"}}],"inLanguage":"de"}]}},"_links":{"self":[{"href":"https:\/\/psattent.nl\/de\/wp-json\/wp\/v2\/pages\/6337","targetHints":{"allow":["GET"]}}],"collection":[{"href":"https:\/\/psattent.nl\/de\/wp-json\/wp\/v2\/pages"}],"about":[{"href":"https:\/\/psattent.nl\/de\/wp-json\/wp\/v2\/types\/page"}],"author":[{"embeddable":true,"href":"https:\/\/psattent.nl\/de\/wp-json\/wp\/v2\/users\/1"}],"replies":[{"embeddable":true,"href":"https:\/\/psattent.nl\/de\/wp-json\/wp\/v2\/comments?post=6337"}],"version-history":[{"count":0,"href":"https:\/\/psattent.nl\/de\/wp-json\/wp\/v2\/pages\/6337\/revisions"}],"wp:featuredmedia":[{"embeddable":true,"href":"https:\/\/psattent.nl\/de\/wp-json\/wp\/v2\/media\/6544"}],"wp:attachment":[{"href":"https:\/\/psattent.nl\/de\/wp-json\/wp\/v2\/media?parent=6337"}],"curies":[{"name":"wp","href":"https:\/\/api.w.org\/{rel}","templated":true}]}}