{"id":3,"date":"2020-08-20T11:29:10","date_gmt":"2020-08-20T11:29:10","guid":{"rendered":"http:\/\/psattent.nl\/?page_id=3"},"modified":"2020-09-07T09:10:35","modified_gmt":"2020-09-07T07:10:35","slug":"privacybeleid","status":"publish","type":"page","link":"https:\/\/psattent.nl\/de\/datenschutzerklarung\/","title":{"rendered":"Datenschutzerkl\u00e4rung"},"content":{"rendered":"<h2 class=\"wp-block-heading\">Wer sind wir?<\/h2><p>Die Adresse unserer Website lautet: http:\/\/psattent.nl.<\/p><h2 class=\"wp-block-heading\">Welche pers\u00f6nlichen Daten wir sammeln und warum wir sie sammeln<\/h2><h3 class=\"wp-block-heading\">Anmerkungen<\/h3><p>Wenn Besucher Antworten auf der Website hinterlassen, erfassen wir die im Antwortformular angezeigten Daten, die IP-Adresse des Besuchers und den Browser-User-Agent, um Spam erkennen zu k\u00f6nnen.<\/p><p>Eine anonymisierte Zeichenfolge, die aus Ihrer E-Mail-Adresse erstellt wurde (auch Hash genannt), kann an den Gravatar-Dienst gesendet werden, wenn Sie diese verwenden. Die Seite mit den Datenschutzrichtlinien finden Sie hier: https:\/\/automattic.com\/privacy\/. Sobald Ihr Kommentar genehmigt ist, wird Ihr Profilbild im Kontext Ihres Kommentars \u00f6ffentlich sichtbar sein.<\/p><h3 class=\"wp-block-heading\">Medien<\/h3><p>Wenn Sie ein registrierter Benutzer sind und Bilder auf die Website hochladen, sollten Sie es vermeiden, Bilder mit EXIF-GPS-Standortdaten hochzuladen. Besucher der Website k\u00f6nnen die Bilder von der Website herunterladen und die Standortdaten einsehen.<\/p><h3 class=\"wp-block-heading\">Kontakt-Formulare<\/h3><h3 class=\"wp-block-heading\">Cookies<\/h3><p>Wenn Sie einen Kommentar auf unserer Website hinterlassen, k\u00f6nnen Sie angeben, ob Ihr Name, Ihre E-Mail-Adresse und Ihre Website in einem Cookie gespeichert werden d\u00fcrfen. Wir tun dies zu Ihrer Bequemlichkeit, damit Sie diese Angaben f\u00fcr einen neuen Kommentar nicht erneut ausf\u00fcllen m\u00fcssen. Diese Cookies sind ein Jahr lang g\u00fcltig. <\/p><p>Wenn Sie unsere Login-Seite besuchen, speichern wir ein tempor\u00e4res Cookie, um zu pr\u00fcfen, ob Ihr Browser Cookies akzeptiert. Dieses Cookie enth\u00e4lt keine pers\u00f6nlichen Informationen und wird gel\u00f6scht, wenn Sie Ihren Browser schlie\u00dfen.<\/p><p>Sobald Sie sich einloggen, speichern wir einige Cookies im Zusammenhang mit Ihren Login-Informationen und Bildschirmanzeigeoptionen. Login-Cookies sind 2 Tage und Bildschirm-Cookies 1 Jahr lang g\u00fcltig. Wenn Sie \"Remember me\" w\u00e4hlen, wird Ihr Login 2 Wochen lang gespeichert. Sobald Sie sich von Ihrem Konto abmelden, werden die Login-Cookies gel\u00f6scht.<\/p><p>Wenn Sie eine Nachricht \u00e4ndern oder ver\u00f6ffentlichen, wird von Ihrem Browser ein zus\u00e4tzliches Cookie gespeichert. Dieses Cookie enth\u00e4lt keine pers\u00f6nlichen Daten und hat nur die Post-ID des Artikels, den Sie bearbeitet haben. Dieses Cookie verf\u00e4llt nach einem Tag.<\/p><h3 class=\"wp-block-heading\">Eingebetteter Inhalt von anderen Websites<\/h3><p>Nachrichten auf dieser Website k\u00f6nnen eingebettete Inhalte (z.B. Videos, Bilder, Nachrichten usw.) enthalten. Eingebetteter Inhalt von anderen Websites verh\u00e4lt sich genau so, als ob der Besucher diese andere Website besucht h\u00e4tte.<\/p><p>Diese Websites k\u00f6nnen Informationen \u00fcber Sie sammeln, Cookies verwenden, Tracking durch Dritte einbetten und Ihre Interaktion mit solchen eingebetteten Inhalten \u00fcberwachen, einschlie\u00dflich Ihrer Interaktion mit eingebetteten Inhalten, wenn Sie ein Konto haben und auf dieser Website eingeloggt sind.<\/p><h3 class=\"wp-block-heading\">Analytik<\/h3><h2 class=\"wp-block-heading\">Mit wem wir Ihre Informationen teilen<\/h2><h2 class=\"wp-block-heading\">Wie lange wir Ihre Daten aufbewahren<\/h2><p>Wenn Sie eine Reaktion hinterlassen, werden diese Reaktion und die Metadaten dieser Reaktion f\u00fcr immer gespeichert. Auf diese Weise k\u00f6nnen wir Folgeantworten automatisch erkennen und genehmigen, anstatt sie moderieren zu m\u00fcssen.<\/p><p>F\u00fcr Benutzer, die sich auf unserer Website registrieren (falls vorhanden), speichern wir die von ihnen angegebenen pers\u00f6nlichen Informationen auch in ihrem Benutzerprofil. Alle Benutzer k\u00f6nnen ihre pers\u00f6nlichen Daten jederzeit einsehen, bearbeiten oder l\u00f6schen (mit der Ausnahme, dass sie ihren Benutzernamen nicht \u00e4ndern k\u00f6nnen). Site-Administratoren k\u00f6nnen diese Informationen ebenfalls einsehen und bearbeiten.<\/p><h2 class=\"wp-block-heading\">Welche Rechte haben Sie an Ihren Daten?<\/h2><p>Wenn Sie ein Konto auf dieser Website haben oder Kommentare hinterlassen haben, k\u00f6nnen Sie eine Exportdatei Ihrer pers\u00f6nlichen Daten, die wir von Ihnen haben, einschlie\u00dflich aller Informationen, die Sie uns zur Verf\u00fcgung gestellt haben, anfordern. Sie k\u00f6nnen auch verlangen, dass wir alle pers\u00f6nlichen Daten, die wir \u00fcber Sie haben, l\u00f6schen. Dazu geh\u00f6ren keine Informationen, die wir aus administrativen, rechtlichen oder Sicherheitsgr\u00fcnden aufbewahren m\u00fcssen.<\/p><h2 class=\"wp-block-heading\">Wohin wir Ihre Informationen senden<\/h2><p>Reaktionen von Besuchern k\u00f6nnen \u00fcber einen automatischen Spam-Erkennungsdienst \u00fcberpr\u00fcft werden.<\/p><h2 class=\"wp-block-heading\">Ihre Kontaktinformationen<\/h2><h2 class=\"wp-block-heading\">Zus\u00e4tzliche Informationen<\/h2><h3 class=\"wp-block-heading\">Wie wir Ihre Informationen sch\u00fctzen<\/h3><h3 class=\"wp-block-heading\">Welche Datenverletzungsverfahren haben wir implementiert?<\/h3><h3 class=\"wp-block-heading\">Von welchen Dritten wir Daten erhalten<\/h3><h3 class=\"wp-block-heading\">Welche automatisierte Entscheidungsfindung und\/oder Profilerstellung wir mit Benutzerdaten durchf\u00fchren<\/h3><h3 class=\"wp-block-heading\">Offenlegungspflichten der Industrie<\/h3>","protected":false},"excerpt":{"rendered":"<p>Wie zijn we Ons site-adres is: http:\/\/psattent.nl. Welke persoonlijke gegevens we verzamelen en waarom we die verzamelen Reacties Als bezoekers reacties achterlaten op de site, verzamelen we de gegevens getoond in het reactieformulier, het IP-adres van de bezoeker en de browser user agent om te helpen spam te detecteren. Een geanonimiseerde string, gemaakt op basis [&hellip;]<\/p>\n","protected":false},"author":1,"featured_media":0,"parent":0,"menu_order":0,"comment_status":"closed","ping_status":"closed","template":"","meta":{"_acf_changed":false,"footnotes":""},"class_list":["post-3","page","type-page","status-publish","hentry"],"acf":[],"yoast_head":"<!-- This site is optimized with the Yoast SEO plugin v27.3 - https:\/\/yoast.com\/product\/yoast-seo-wordpress\/ -->\n<title>Privacybeleid - PSAttent<\/title>\n<meta name=\"robots\" content=\"index, follow, max-snippet:-1, max-image-preview:large, max-video-preview:-1\" \/>\n<link rel=\"canonical\" href=\"https:\/\/psattent.nl\/de\/wp-json\/wp\/v2\/pages\/3\" \/>\n<meta property=\"og:locale\" content=\"de_DE\" \/>\n<meta property=\"og:type\" content=\"article\" \/>\n<meta property=\"og:title\" content=\"Privacybeleid - PSAttent\" \/>\n<meta property=\"og:description\" content=\"Wie zijn we Ons site-adres is: http:\/\/psattent.nl. Welke persoonlijke gegevens we verzamelen en waarom we die verzamelen Reacties Als bezoekers reacties achterlaten op de site, verzamelen we de gegevens getoond in het reactieformulier, het IP-adres van de bezoeker en de browser user agent om te helpen spam te detecteren. Een geanonimiseerde string, gemaakt op basis [&hellip;]\" \/>\n<meta property=\"og:url\" content=\"https:\/\/psattent.nl\/de\/privacybeleid\/\" \/>\n<meta property=\"og:site_name\" content=\"PSAttent\" \/>\n<meta property=\"article:modified_time\" content=\"2020-09-07T07:10:35+00:00\" \/>\n<meta name=\"twitter:card\" content=\"summary_large_image\" \/>\n<meta name=\"twitter:label1\" content=\"Gesch\u00e4tzte Lesezeit\" \/>\n\t<meta name=\"twitter:data1\" content=\"3\u00a0Minuten\" \/>\n<script type=\"application\/ld+json\" class=\"yoast-schema-graph\">{\"@context\":\"https:\\\/\\\/schema.org\",\"@graph\":[{\"@type\":\"WebPage\",\"@id\":\"https:\\\/\\\/psattent.nl\\\/privacybeleid\\\/\",\"url\":\"https:\\\/\\\/psattent.nl\\\/privacybeleid\\\/\",\"name\":\"Privacybeleid - PSAttent\",\"isPartOf\":{\"@id\":\"https:\\\/\\\/psattent.nl\\\/#website\"},\"datePublished\":\"2020-08-20T11:29:10+00:00\",\"dateModified\":\"2020-09-07T07:10:35+00:00\",\"breadcrumb\":{\"@id\":\"https:\\\/\\\/psattent.nl\\\/privacybeleid\\\/#breadcrumb\"},\"inLanguage\":\"de\",\"potentialAction\":[{\"@type\":\"ReadAction\",\"target\":[\"https:\\\/\\\/psattent.nl\\\/privacybeleid\\\/\"]}]},{\"@type\":\"BreadcrumbList\",\"@id\":\"https:\\\/\\\/psattent.nl\\\/privacybeleid\\\/#breadcrumb\",\"itemListElement\":[{\"@type\":\"ListItem\",\"position\":1,\"name\":\"PSAttent\",\"item\":\"https:\\\/\\\/psattent.nl\\\/\"},{\"@type\":\"ListItem\",\"position\":2,\"name\":\"Privacybeleid\"}]},{\"@type\":\"WebSite\",\"@id\":\"https:\\\/\\\/psattent.nl\\\/#website\",\"url\":\"https:\\\/\\\/psattent.nl\\\/\",\"name\":\"PSAttent\",\"description\":\"\",\"potentialAction\":[{\"@type\":\"SearchAction\",\"target\":{\"@type\":\"EntryPoint\",\"urlTemplate\":\"https:\\\/\\\/psattent.nl\\\/?s={search_term_string}\"},\"query-input\":{\"@type\":\"PropertyValueSpecification\",\"valueRequired\":true,\"valueName\":\"search_term_string\"}}],\"inLanguage\":\"de\"}]}<\/script>\n<!-- \/ Yoast SEO plugin. -->","yoast_head_json":{"title":"Datenschutzerkl\u00e4rung - PSAttent","robots":{"index":"index","follow":"follow","max-snippet":"max-snippet:-1","max-image-preview":"max-image-preview:large","max-video-preview":"max-video-preview:-1"},"canonical":"https:\/\/psattent.nl\/de\/wp-json\/wp\/v2\/pages\/3","og_locale":"de_DE","og_type":"article","og_title":"Privacybeleid - PSAttent","og_description":"Wie zijn we Ons site-adres is: http:\/\/psattent.nl. Welke persoonlijke gegevens we verzamelen en waarom we die verzamelen Reacties Als bezoekers reacties achterlaten op de site, verzamelen we de gegevens getoond in het reactieformulier, het IP-adres van de bezoeker en de browser user agent om te helpen spam te detecteren. Een geanonimiseerde string, gemaakt op basis [&hellip;]","og_url":"https:\/\/psattent.nl\/de\/privacybeleid\/","og_site_name":"PSAttent","article_modified_time":"2020-09-07T07:10:35+00:00","twitter_card":"summary_large_image","twitter_misc":{"Gesch\u00e4tzte Lesezeit":"3\u00a0Minuten"},"schema":{"@context":"https:\/\/schema.org","@graph":[{"@type":"WebPage","@id":"https:\/\/psattent.nl\/privacybeleid\/","url":"https:\/\/psattent.nl\/privacybeleid\/","name":"Datenschutzerkl\u00e4rung - PSAttent","isPartOf":{"@id":"https:\/\/psattent.nl\/#website"},"datePublished":"2020-08-20T11:29:10+00:00","dateModified":"2020-09-07T07:10:35+00:00","breadcrumb":{"@id":"https:\/\/psattent.nl\/privacybeleid\/#breadcrumb"},"inLanguage":"de","potentialAction":[{"@type":"ReadAction","target":["https:\/\/psattent.nl\/privacybeleid\/"]}]},{"@type":"BreadcrumbList","@id":"https:\/\/psattent.nl\/privacybeleid\/#breadcrumb","itemListElement":[{"@type":"ListItem","position":1,"name":"PSAttent","item":"https:\/\/psattent.nl\/"},{"@type":"ListItem","position":2,"name":"Privacybeleid"}]},{"@type":"WebSite","@id":"https:\/\/psattent.nl\/#website","url":"https:\/\/psattent.nl\/","name":"PSAttent","description":"","potentialAction":[{"@type":"SearchAction","target":{"@type":"EntryPoint","urlTemplate":"https:\/\/psattent.nl\/?s={search_term_string}"},"query-input":{"@type":"PropertyValueSpecification","valueRequired":true,"valueName":"search_term_string"}}],"inLanguage":"de"}]}},"_links":{"self":[{"href":"https:\/\/psattent.nl\/de\/wp-json\/wp\/v2\/pages\/3","targetHints":{"allow":["GET"]}}],"collection":[{"href":"https:\/\/psattent.nl\/de\/wp-json\/wp\/v2\/pages"}],"about":[{"href":"https:\/\/psattent.nl\/de\/wp-json\/wp\/v2\/types\/page"}],"author":[{"embeddable":true,"href":"https:\/\/psattent.nl\/de\/wp-json\/wp\/v2\/users\/1"}],"replies":[{"embeddable":true,"href":"https:\/\/psattent.nl\/de\/wp-json\/wp\/v2\/comments?post=3"}],"version-history":[{"count":0,"href":"https:\/\/psattent.nl\/de\/wp-json\/wp\/v2\/pages\/3\/revisions"}],"wp:attachment":[{"href":"https:\/\/psattent.nl\/de\/wp-json\/wp\/v2\/media?parent=3"}],"curies":[{"name":"wp","href":"https:\/\/api.w.org\/{rel}","templated":true}]}}